{"id":897,"date":"2022-12-14T11:34:49","date_gmt":"2022-12-14T10:34:49","guid":{"rendered":"https:\/\/fidelcortes.com\/legal-notice\/"},"modified":"2025-12-17T15:07:54","modified_gmt":"2025-12-17T14:07:54","slug":"legal-notice","status":"publish","type":"page","link":"https:\/\/fidelcortes.com\/en\/legal-notice\/","title":{"rendered":"Legal notice"},"content":{"rendered":"\t\t<div data-elementor-type=\"wp-page\" data-elementor-id=\"897\" class=\"elementor elementor-897 elementor-26\" data-elementor-post-type=\"page\">\n\t\t\t\t\t\t<section class=\"elementor-section elementor-top-section elementor-element elementor-element-066be36 elementor-section-boxed elementor-section-height-default elementor-section-height-default\" data-id=\"066be36\" data-element_type=\"section\" data-settings=\"{&quot;background_background&quot;:&quot;classic&quot;}\">\n\t\t\t\t\t\t<div class=\"elementor-container elementor-column-gap-default\">\n\t\t\t\t\t<div class=\"elementor-column elementor-col-100 elementor-top-column elementor-element elementor-element-57a3ede\" data-id=\"57a3ede\" data-element_type=\"column\">\n\t\t\t<div class=\"elementor-widget-wrap elementor-element-populated\">\n\t\t\t\t\t\t<section class=\"elementor-section elementor-inner-section elementor-element elementor-element-66f0886 elementor-section-boxed elementor-section-height-default elementor-section-height-default\" data-id=\"66f0886\" data-element_type=\"section\">\n\t\t\t\t\t\t<div class=\"elementor-container elementor-column-gap-default\">\n\t\t\t\t\t<div class=\"elementor-column elementor-col-33 elementor-inner-column elementor-element elementor-element-51b14cc\" data-id=\"51b14cc\" data-element_type=\"column\">\n\t\t\t<div class=\"elementor-widget-wrap elementor-element-populated\">\n\t\t\t\t\t\t<div class=\"elementor-element elementor-element-e45e2fa elementor-widget__width-auto elementor-widget elementor-widget-heading\" data-id=\"e45e2fa\" data-element_type=\"widget\" data-widget_type=\"heading.default\">\n\t\t\t\t<div class=\"elementor-widget-container\">\n\t\t\t<style>\/*! elementor - v3.21.0 - 26-05-2024 *\/\n.elementor-heading-title{padding:0;margin:0;line-height:1}.elementor-widget-heading .elementor-heading-title[class*=elementor-size-]>a{color:inherit;font-size:inherit;line-height:inherit}.elementor-widget-heading .elementor-heading-title.elementor-size-small{font-size:15px}.elementor-widget-heading .elementor-heading-title.elementor-size-medium{font-size:19px}.elementor-widget-heading .elementor-heading-title.elementor-size-large{font-size:29px}.elementor-widget-heading .elementor-heading-title.elementor-size-xl{font-size:39px}.elementor-widget-heading .elementor-heading-title.elementor-size-xxl{font-size:59px}<\/style><h4 class=\"elementor-heading-title elementor-size-default\">Legal notice<\/h4>\t\t<\/div>\n\t\t\t\t<\/div>\n\t\t\t\t\t<\/div>\n\t\t<\/div>\n\t\t\t\t<div class=\"elementor-column elementor-col-33 elementor-inner-column elementor-element elementor-element-113ed74\" data-id=\"113ed74\" data-element_type=\"column\">\n\t\t\t<div class=\"elementor-widget-wrap elementor-element-populated\">\n\t\t\t\t\t\t<div class=\"elementor-element elementor-element-f08a500 elementor-widget-divider--view-line elementor-widget elementor-widget-divider\" data-id=\"f08a500\" data-element_type=\"widget\" data-widget_type=\"divider.default\">\n\t\t\t\t<div class=\"elementor-widget-container\">\n\t\t\t<style>\/*! elementor - v3.21.0 - 26-05-2024 *\/\n.elementor-widget-divider{--divider-border-style:none;--divider-border-width:1px;--divider-color:#0c0d0e;--divider-icon-size:20px;--divider-element-spacing:10px;--divider-pattern-height:24px;--divider-pattern-size:20px;--divider-pattern-url:none;--divider-pattern-repeat:repeat-x}.elementor-widget-divider .elementor-divider{display:flex}.elementor-widget-divider .elementor-divider__text{font-size:15px;line-height:1;max-width:95%}.elementor-widget-divider .elementor-divider__element{margin:0 var(--divider-element-spacing);flex-shrink:0}.elementor-widget-divider .elementor-icon{font-size:var(--divider-icon-size)}.elementor-widget-divider .elementor-divider-separator{display:flex;margin:0;direction:ltr}.elementor-widget-divider--view-line_icon .elementor-divider-separator,.elementor-widget-divider--view-line_text .elementor-divider-separator{align-items:center}.elementor-widget-divider--view-line_icon .elementor-divider-separator:after,.elementor-widget-divider--view-line_icon .elementor-divider-separator:before,.elementor-widget-divider--view-line_text .elementor-divider-separator:after,.elementor-widget-divider--view-line_text .elementor-divider-separator:before{display:block;content:\"\";border-block-end:0;flex-grow:1;border-block-start:var(--divider-border-width) var(--divider-border-style) var(--divider-color)}.elementor-widget-divider--element-align-left .elementor-divider .elementor-divider-separator>.elementor-divider__svg:first-of-type{flex-grow:0;flex-shrink:100}.elementor-widget-divider--element-align-left .elementor-divider-separator:before{content:none}.elementor-widget-divider--element-align-left .elementor-divider__element{margin-left:0}.elementor-widget-divider--element-align-right .elementor-divider .elementor-divider-separator>.elementor-divider__svg:last-of-type{flex-grow:0;flex-shrink:100}.elementor-widget-divider--element-align-right .elementor-divider-separator:after{content:none}.elementor-widget-divider--element-align-right .elementor-divider__element{margin-right:0}.elementor-widget-divider--element-align-start .elementor-divider .elementor-divider-separator>.elementor-divider__svg:first-of-type{flex-grow:0;flex-shrink:100}.elementor-widget-divider--element-align-start .elementor-divider-separator:before{content:none}.elementor-widget-divider--element-align-start .elementor-divider__element{margin-inline-start:0}.elementor-widget-divider--element-align-end .elementor-divider .elementor-divider-separator>.elementor-divider__svg:last-of-type{flex-grow:0;flex-shrink:100}.elementor-widget-divider--element-align-end .elementor-divider-separator:after{content:none}.elementor-widget-divider--element-align-end .elementor-divider__element{margin-inline-end:0}.elementor-widget-divider:not(.elementor-widget-divider--view-line_text):not(.elementor-widget-divider--view-line_icon) .elementor-divider-separator{border-block-start:var(--divider-border-width) var(--divider-border-style) var(--divider-color)}.elementor-widget-divider--separator-type-pattern{--divider-border-style:none}.elementor-widget-divider--separator-type-pattern.elementor-widget-divider--view-line .elementor-divider-separator,.elementor-widget-divider--separator-type-pattern:not(.elementor-widget-divider--view-line) .elementor-divider-separator:after,.elementor-widget-divider--separator-type-pattern:not(.elementor-widget-divider--view-line) .elementor-divider-separator:before,.elementor-widget-divider--separator-type-pattern:not([class*=elementor-widget-divider--view]) .elementor-divider-separator{width:100%;min-height:var(--divider-pattern-height);-webkit-mask-size:var(--divider-pattern-size) 100%;mask-size:var(--divider-pattern-size) 100%;-webkit-mask-repeat:var(--divider-pattern-repeat);mask-repeat:var(--divider-pattern-repeat);background-color:var(--divider-color);-webkit-mask-image:var(--divider-pattern-url);mask-image:var(--divider-pattern-url)}.elementor-widget-divider--no-spacing{--divider-pattern-size:auto}.elementor-widget-divider--bg-round{--divider-pattern-repeat:round}.rtl .elementor-widget-divider .elementor-divider__text{direction:rtl}.e-con-inner>.elementor-widget-divider,.e-con>.elementor-widget-divider{width:var(--container-widget-width,100%);--flex-grow:var(--container-widget-flex-grow)}<\/style>\t\t<div class=\"elementor-divider\">\n\t\t\t<span class=\"elementor-divider-separator\">\n\t\t\t\t\t\t<\/span>\n\t\t<\/div>\n\t\t\t\t<\/div>\n\t\t\t\t<\/div>\n\t\t\t\t\t<\/div>\n\t\t<\/div>\n\t\t\t\t<div class=\"elementor-column elementor-col-33 elementor-inner-column elementor-element elementor-element-eeb3e81 elementor-hidden-mobile\" data-id=\"eeb3e81\" data-element_type=\"column\">\n\t\t\t<div class=\"elementor-widget-wrap elementor-element-populated\">\n\t\t\t\t\t\t<div class=\"elementor-element elementor-element-a6230b7 elementor-widget__width-inherit elementor-widget-divider--view-line elementor-widget elementor-widget-divider\" data-id=\"a6230b7\" data-element_type=\"widget\" data-widget_type=\"divider.default\">\n\t\t\t\t<div class=\"elementor-widget-container\">\n\t\t\t\t\t<div class=\"elementor-divider\">\n\t\t\t<span class=\"elementor-divider-separator\">\n\t\t\t\t\t\t<\/span>\n\t\t<\/div>\n\t\t\t\t<\/div>\n\t\t\t\t<\/div>\n\t\t\t\t\t<\/div>\n\t\t<\/div>\n\t\t\t\t\t<\/div>\n\t\t<\/section>\n\t\t\t\t<div class=\"elementor-element elementor-element-7e27866 elementor-align-left elementor-widget elementor-widget-breadcrumbs\" data-id=\"7e27866\" data-element_type=\"widget\" data-widget_type=\"breadcrumbs.default\">\n\t\t\t\t<div class=\"elementor-widget-container\">\n\t\t\t<link rel=\"stylesheet\" href=\"https:\/\/fidelcortes.com\/wp-content\/plugins\/elementor-pro\/assets\/css\/widget-theme-elements.min.css\"><p id=\"breadcrumbs\"><span><span><a href=\"https:\/\/fidelcortes.com\/en\/home\/\">Home<\/a><\/span><\/span><\/p>\t\t<\/div>\n\t\t\t\t<\/div>\n\t\t\t\t\t<\/div>\n\t\t<\/div>\n\t\t\t\t\t<\/div>\n\t\t<\/section>\n\t\t\t\t<section class=\"elementor-section elementor-top-section elementor-element elementor-element-815d7dd elementor-section-boxed elementor-section-height-default elementor-section-height-default\" data-id=\"815d7dd\" data-element_type=\"section\">\n\t\t\t\t\t\t<div class=\"elementor-container elementor-column-gap-default\">\n\t\t\t\t\t<div class=\"elementor-column elementor-col-100 elementor-top-column elementor-element elementor-element-43fc03e\" data-id=\"43fc03e\" data-element_type=\"column\">\n\t\t\t<div class=\"elementor-widget-wrap elementor-element-populated\">\n\t\t\t\t\t\t<div class=\"elementor-element elementor-element-09d63ae elementor-widget elementor-widget-text-editor\" data-id=\"09d63ae\" data-element_type=\"widget\" data-widget_type=\"text-editor.default\">\n\t\t\t\t<div class=\"elementor-widget-container\">\n\t\t\t<style>\/*! elementor - v3.21.0 - 26-05-2024 *\/\n.elementor-widget-text-editor.elementor-drop-cap-view-stacked .elementor-drop-cap{background-color:#69727d;color:#fff}.elementor-widget-text-editor.elementor-drop-cap-view-framed .elementor-drop-cap{color:#69727d;border:3px solid;background-color:transparent}.elementor-widget-text-editor:not(.elementor-drop-cap-view-default) .elementor-drop-cap{margin-top:8px}.elementor-widget-text-editor:not(.elementor-drop-cap-view-default) .elementor-drop-cap-letter{width:1em;height:1em}.elementor-widget-text-editor .elementor-drop-cap{float:left;text-align:center;line-height:1;font-size:50px}.elementor-widget-text-editor .elementor-drop-cap-letter{display:inline-block}<\/style>\t\t\t\t<h2>LAW ON INFORMATION SOCIETY SERVICES (LSSI)<\/h2><p>Talleres Fidel Cort\u00e9s S.L., responsible for the website, hereinafter RESPONSIBLE, makes this document available to users, with which it intends to comply with the obligations set forth in Law 34\/2002, of 11 July, on Information Society Services and Electronic Commerce (LSSICE), BOE No. 166, as well as to inform all users of the website regarding the conditions of use.<\/p><p>Any person who accesses this website assumes the role of user, committing to the observance and strict compliance with the provisions set forth herein, as well as any other legal provision that may be applicable.<\/p><p>Talleres Fidel Cort\u00e9s S.L. reserves the right to modify any type of information that may appear on the website, without there being any obligation to give prior notice or inform users of such obligations, it being understood that publication on the website of Talleres Fidel Cort\u00e9s S.L. is sufficient.<\/p><h3>1. IDENTIFICATION DATA<\/h3><p>Domain name: fidelcortes.com<br>Trade name: Talleres Fidel Cort\u00e9s<br>Company name: Talleres Fidel Cort\u00e9s S.L.,<br>NIF: B22162481<br>Registered office: Avenida La Almunia, 6 &#8211; B, Monz\u00f3n, 22400, Huesca<br>Telephone: 974 401 739<br>Email: fidelcortessl@grupocasmar.es<br>Registered in the Registry (Commercial \/ Public): Mercantile Registry of Huesca, Bulletin 50, Reference 122564<\/p><h3>2. INTELLECTUAL AND INDUSTRIAL PROPERTY RIGHTS<\/h3><p>The website, including but not limited to its programming, editing, compilation and other elements necessary for its operation, the designs, logos, and\/or graphics, are the property of the RESPONSIBLE PARTY or, if applicable, it has a license or express authorization from the authors. All the contents of the website are duly protected by intellectual and industrial property regulations, as well as registered in the corresponding public registers.<\/p><p>Regardless of the purpose for which they were intended, the total or partial reproduction, use, exploitation, distribution and commercialization requires in all cases the prior written authorization of the CONTROLLER. Any previously unauthorised use is considered a serious breach of the author&#8217;s intellectual or industrial property rights.<\/p><p>The designs, logos, and\/or graphics that are not belonging to the RESPONSIBLE party and that may appear on the website belong to their respective owners, who are themselves responsible for any possible controversy that may arise with respect to them. The CONTROLLER expressly authorises third parties to redirect directly to the specific contents of the website, and in any case redirect to the main website of fidelcortes.com<\/p><p>The RESPONSIBLE party recognises the corresponding intellectual and industrial property rights in favour of their owners, and their mere mention or appearance on the website does not imply the existence of any rights or responsibility over them, nor does it imply any support, sponsorship or recommendation by the same.<\/p><p>To make any type of observation regarding possible infringements of intellectual or industrial property rights, as well as any of the contents of the website, you can do so by email fidelcortessl@grupocasmar.es.<\/p><h3>3. DISCLAIMER<\/h3><p>The RESPONSIBLE party is exempt from any type of liability arising from the information published on its website provided that this information has been manipulated or introduced by a third party unrelated to it.<\/p><h4>Use of Cookies<\/h4><p>This website may use technical cookies (small information files that the server sends to the computer of the person accessing the page) to carry out certain functions that are considered essential for the correct functioning and display of the site. The cookies used are, in any case, temporary, with the sole purpose of making browsing more efficient, and disappear at the end of the user&#8217;s session. Under no circumstances do these cookies provide personal data and will not be used to collect them.<\/p><p>Through the use of cookies, it is also possible for the server where the website is located to recognise the browser used by the user in order to make browsing easier, allowing, for example, access by users who have previously registered to the areas, services, promotions or competitions reserved exclusively for them without having to register on each visit. They can also be used to measure the audience, traffic parameters, control the progress and number of entries, etc., being in these cases cookies dispensable technically but beneficial for the user. This website will not install dispensable cookies without the user&#8217;s prior consent.<\/p><p>The user has the possibility of configuring their browser to be alerted to the receipt of cookies and to prevent their installation on their computer. Please refer to your browser&#8217;s instructions for more information.<\/p><h4>Link Policy<\/h4><p>From the Website, you may be redirected to content from third party websites. Since the CONTROLLER cannot always control the content introduced by third parties on their respective websites, it does not assume any liability for such content.Dado que el RESPONSABLE no puede controlar siempre los contenidos introducidos por los terceros en sus respectivos sitios web, no asume ning\u00fan tipo de responsabilidad respecto a dichos contenidos. In any case, it will proceed to the immediate removal of any content that could contravene national or international legislation, morality or public order, proceeding to the immediate removal of the redirection to said website, informing the competent authorities of the content in question.<\/p><p>The RESPONSIBLE party is not responsible for the information and content stored, including but not limited to, in forums, chats, blog generators, comments, social networks or any other means that allow third parties to publish content independently on the CONTROLLER&#8217;s website. However, and in compliance with the provisions of articles 11 and 16 of the LSSICE, it is made available to all users, authorities and security forces, actively collaborating in the removal or, where appropriate, blocking of all content that may affect or contravene national or international legislation. the rights of third parties or morality and public order. In the event that the user considers that there is any content on the website that could be susceptible to this classification, please notify the website administrator immediately.<\/p><p>This website has been reviewed and tested to work properly. In principle, proper operation can be guaranteed 365 days a year, 24 hours a day. However, the RESPONSIBLE party does not rule out the possibility that there may be certain programming errors, or that there may be causes of force majeure, natural disasters, strikes or similar circumstances that make access to the website impossible.<\/p><h4>IP Addresses<\/h4><p>The website&#8217;s servers may automatically detect the IP address and domain name used by the user. An IP address is a number automatically assigned to a computer when it connects to the Internet. All this information is recorded in a duly registered server activity file that allows the subsequent processing of the data in order to obtain only statistical measurements that allow us to know the number of page impressions, the number of visits made to the web servers, the order of visits, the access point, etc. etc.<\/p><h3>4. GOVERNING LAW AND JURISDICTION<\/h3><p>For the resolution of all controversies or issues related to this website or the activities carried out on it, Spanish law will be applicable, to which the parties expressly submit, being competent for the resolution of all conflicts arising from or related to its use the Courts and Tribunals closest to Huesca.<\/p>\t\t\t\t\t\t<\/div>\n\t\t\t\t<\/div>\n\t\t\t\t\t<\/div>\n\t\t<\/div>\n\t\t\t\t\t<\/div>\n\t\t<\/section>\n\t\t\t\t<\/div>\n\t\t","protected":false},"excerpt":{"rendered":"<p>LAW ON INFORMATION SOCIETY SERVICES (LSSI) Talleres Fidel Cort\u00e9s S.L., responsible for the website, hereinafter RESPONSIBLE, makes this document available to users, with which it intends to comply with the obligations set forth in Law 34\/2002, of 11 July, on Information Society Services and Electronic Commerce (LSSICE), BOE No. 166, as well as to inform [&hellip;]<\/p>\n","protected":false},"author":1,"featured_media":0,"parent":0,"menu_order":0,"comment_status":"closed","ping_status":"closed","template":"","meta":{"_acf_changed":false,"site-sidebar-layout":"default","site-content-layout":"page-builder","ast-site-content-layout":"default","site-content-style":"default","site-sidebar-style":"default","ast-global-header-display":"","ast-banner-title-visibility":"","ast-main-header-display":"","ast-hfb-above-header-display":"","ast-hfb-below-header-display":"","ast-hfb-mobile-header-display":"","site-post-title":"","ast-breadcrumbs-content":"","ast-featured-img":"","footer-sml-layout":"","theme-transparent-header-meta":"default","adv-header-id-meta":"","stick-header-meta":"","header-above-stick-meta":"","header-main-stick-meta":"","header-below-stick-meta":"","astra-migrate-meta-layouts":"default","ast-page-background-enabled":"default","ast-page-background-meta":{"desktop":{"background-color":"var(--ast-global-color-4)","background-image":"","background-repeat":"repeat","background-position":"center center","background-size":"auto","background-attachment":"scroll","background-type":"","background-media":"","overlay-type":"","overlay-color":"","overlay-opacity":"","overlay-gradient":""},"tablet":{"background-color":"","background-image":"","background-repeat":"repeat","background-position":"center center","background-size":"auto","background-attachment":"scroll","background-type":"","background-media":"","overlay-type":"","overlay-color":"","overlay-opacity":"","overlay-gradient":""},"mobile":{"background-color":"","background-image":"","background-repeat":"repeat","background-position":"center center","background-size":"auto","background-attachment":"scroll","background-type":"","background-media":"","overlay-type":"","overlay-color":"","overlay-opacity":"","overlay-gradient":""}},"ast-content-background-meta":{"desktop":{"background-color":"var(--ast-global-color-5)","background-image":"","background-repeat":"repeat","background-position":"center center","background-size":"auto","background-attachment":"scroll","background-type":"","background-media":"","overlay-type":"","overlay-color":"","overlay-opacity":"","overlay-gradient":""},"tablet":{"background-color":"var(--ast-global-color-5)","background-image":"","background-repeat":"repeat","background-position":"center center","background-size":"auto","background-attachment":"scroll","background-type":"","background-media":"","overlay-type":"","overlay-color":"","overlay-opacity":"","overlay-gradient":""},"mobile":{"background-color":"var(--ast-global-color-5)","background-image":"","background-repeat":"repeat","background-position":"center center","background-size":"auto","background-attachment":"scroll","background-type":"","background-media":"","overlay-type":"","overlay-color":"","overlay-opacity":"","overlay-gradient":""}},"footnotes":""},"acf":[],"yoast_head":"<!-- This site is optimized with the Yoast SEO plugin v22.8 - https:\/\/yoast.com\/wordpress\/plugins\/seo\/ -->\n<title>Legal notice - Fidel Cort\u00e9s<\/title>\n<meta name=\"robots\" content=\"noindex, follow\" \/>\n<meta property=\"og:locale\" content=\"en_US\" \/>\n<meta property=\"og:type\" content=\"article\" \/>\n<meta property=\"og:title\" content=\"Legal notice - Fidel Cort\u00e9s\" \/>\n<meta property=\"og:description\" content=\"LAW ON INFORMATION SOCIETY SERVICES (LSSI) Talleres Fidel Cort\u00e9s S.L., responsible for the website, hereinafter RESPONSIBLE, makes this document available to users, with which it intends to comply with the obligations set forth in Law 34\/2002, of 11 July, on Information Society Services and Electronic Commerce (LSSICE), BOE No. 166, as well as to inform [&hellip;]\" \/>\n<meta property=\"og:url\" content=\"https:\/\/fidelcortes.com\/en\/legal-notice\/\" \/>\n<meta property=\"og:site_name\" content=\"Fidel Cort\u00e9s\" \/>\n<meta property=\"article:modified_time\" content=\"2025-12-17T14:07:54+00:00\" \/>\n<meta name=\"twitter:card\" content=\"summary_large_image\" \/>\n<meta name=\"twitter:label1\" content=\"Est. reading time\" \/>\n\t<meta name=\"twitter:data1\" content=\"6 minutes\" \/>\n<script type=\"application\/ld+json\" class=\"yoast-schema-graph\">{\"@context\":\"https:\/\/schema.org\",\"@graph\":[{\"@type\":\"WebPage\",\"@id\":\"https:\/\/fidelcortes.com\/en\/legal-notice\/\",\"url\":\"https:\/\/fidelcortes.com\/en\/legal-notice\/\",\"name\":\"Legal notice - Fidel Cort\u00e9s\",\"isPartOf\":{\"@id\":\"https:\/\/fidelcortes.com\/en\/#website\"},\"datePublished\":\"2022-12-14T10:34:49+00:00\",\"dateModified\":\"2025-12-17T14:07:54+00:00\",\"breadcrumb\":{\"@id\":\"https:\/\/fidelcortes.com\/en\/legal-notice\/#breadcrumb\"},\"inLanguage\":\"en-US\",\"potentialAction\":[{\"@type\":\"ReadAction\",\"target\":[\"https:\/\/fidelcortes.com\/en\/legal-notice\/\"]}]},{\"@type\":\"BreadcrumbList\",\"@id\":\"https:\/\/fidelcortes.com\/en\/legal-notice\/#breadcrumb\",\"itemListElement\":[{\"@type\":\"ListItem\",\"position\":1,\"name\":\"Home\",\"item\":\"https:\/\/fidelcortes.com\/en\/home\/\"},{\"@type\":\"ListItem\",\"position\":2,\"name\":\"Legal notice\"}]},{\"@type\":\"WebSite\",\"@id\":\"https:\/\/fidelcortes.com\/en\/#website\",\"url\":\"https:\/\/fidelcortes.com\/en\/\",\"name\":\"Fidel Cort\u00e9s\",\"description\":\"Talleres\",\"potentialAction\":[{\"@type\":\"SearchAction\",\"target\":{\"@type\":\"EntryPoint\",\"urlTemplate\":\"https:\/\/fidelcortes.com\/en\/?s={search_term_string}\"},\"query-input\":\"required name=search_term_string\"}],\"inLanguage\":\"en-US\"}]}<\/script>\n<!-- \/ Yoast SEO plugin. -->","yoast_head_json":{"title":"Legal notice - Fidel Cort\u00e9s","robots":{"index":"noindex","follow":"follow"},"og_locale":"en_US","og_type":"article","og_title":"Legal notice - Fidel Cort\u00e9s","og_description":"LAW ON INFORMATION SOCIETY SERVICES (LSSI) Talleres Fidel Cort\u00e9s S.L., responsible for the website, hereinafter RESPONSIBLE, makes this document available to users, with which it intends to comply with the obligations set forth in Law 34\/2002, of 11 July, on Information Society Services and Electronic Commerce (LSSICE), BOE No. 166, as well as to inform [&hellip;]","og_url":"https:\/\/fidelcortes.com\/en\/legal-notice\/","og_site_name":"Fidel Cort\u00e9s","article_modified_time":"2025-12-17T14:07:54+00:00","twitter_card":"summary_large_image","twitter_misc":{"Est. reading time":"6 minutes"},"schema":{"@context":"https:\/\/schema.org","@graph":[{"@type":"WebPage","@id":"https:\/\/fidelcortes.com\/en\/legal-notice\/","url":"https:\/\/fidelcortes.com\/en\/legal-notice\/","name":"Legal notice - Fidel Cort\u00e9s","isPartOf":{"@id":"https:\/\/fidelcortes.com\/en\/#website"},"datePublished":"2022-12-14T10:34:49+00:00","dateModified":"2025-12-17T14:07:54+00:00","breadcrumb":{"@id":"https:\/\/fidelcortes.com\/en\/legal-notice\/#breadcrumb"},"inLanguage":"en-US","potentialAction":[{"@type":"ReadAction","target":["https:\/\/fidelcortes.com\/en\/legal-notice\/"]}]},{"@type":"BreadcrumbList","@id":"https:\/\/fidelcortes.com\/en\/legal-notice\/#breadcrumb","itemListElement":[{"@type":"ListItem","position":1,"name":"Home","item":"https:\/\/fidelcortes.com\/en\/home\/"},{"@type":"ListItem","position":2,"name":"Legal notice"}]},{"@type":"WebSite","@id":"https:\/\/fidelcortes.com\/en\/#website","url":"https:\/\/fidelcortes.com\/en\/","name":"Fidel Cort\u00e9s","description":"Talleres","potentialAction":[{"@type":"SearchAction","target":{"@type":"EntryPoint","urlTemplate":"https:\/\/fidelcortes.com\/en\/?s={search_term_string}"},"query-input":"required name=search_term_string"}],"inLanguage":"en-US"}]}},"_links":{"self":[{"href":"https:\/\/fidelcortes.com\/en\/wp-json\/wp\/v2\/pages\/897"}],"collection":[{"href":"https:\/\/fidelcortes.com\/en\/wp-json\/wp\/v2\/pages"}],"about":[{"href":"https:\/\/fidelcortes.com\/en\/wp-json\/wp\/v2\/types\/page"}],"author":[{"embeddable":true,"href":"https:\/\/fidelcortes.com\/en\/wp-json\/wp\/v2\/users\/1"}],"replies":[{"embeddable":true,"href":"https:\/\/fidelcortes.com\/en\/wp-json\/wp\/v2\/comments?post=897"}],"version-history":[{"count":1,"href":"https:\/\/fidelcortes.com\/en\/wp-json\/wp\/v2\/pages\/897\/revisions"}],"predecessor-version":[{"id":898,"href":"https:\/\/fidelcortes.com\/en\/wp-json\/wp\/v2\/pages\/897\/revisions\/898"}],"wp:attachment":[{"href":"https:\/\/fidelcortes.com\/en\/wp-json\/wp\/v2\/media?parent=897"}],"curies":[{"name":"wp","href":"https:\/\/api.w.org\/{rel}","templated":true}]}}