{"id":918,"date":"2022-12-14T11:35:55","date_gmt":"2022-12-14T10:35:55","guid":{"rendered":"https:\/\/fidelcortes.com\/privacy-policy\/"},"modified":"2025-12-17T15:31:07","modified_gmt":"2025-12-17T14:31:07","slug":"privacy-policy","status":"publish","type":"page","link":"https:\/\/fidelcortes.com\/en\/privacy-policy\/","title":{"rendered":"Privacy Policy"},"content":{"rendered":"\t\t<div data-elementor-type=\"wp-page\" data-elementor-id=\"918\" class=\"elementor elementor-918 elementor-29\" data-elementor-post-type=\"page\">\n\t\t\t\t\t\t<section class=\"elementor-section elementor-top-section elementor-element elementor-element-290e2ab elementor-section-boxed elementor-section-height-default elementor-section-height-default\" data-id=\"290e2ab\" data-element_type=\"section\" data-settings=\"{&quot;background_background&quot;:&quot;classic&quot;}\">\n\t\t\t\t\t\t<div class=\"elementor-container elementor-column-gap-default\">\n\t\t\t\t\t<div class=\"elementor-column elementor-col-100 elementor-top-column elementor-element elementor-element-741ee4c\" data-id=\"741ee4c\" data-element_type=\"column\">\n\t\t\t<div class=\"elementor-widget-wrap elementor-element-populated\">\n\t\t\t\t\t\t<section class=\"elementor-section elementor-inner-section elementor-element elementor-element-3501403 elementor-section-boxed elementor-section-height-default elementor-section-height-default\" data-id=\"3501403\" data-element_type=\"section\">\n\t\t\t\t\t\t<div class=\"elementor-container elementor-column-gap-default\">\n\t\t\t\t\t<div class=\"elementor-column elementor-col-33 elementor-inner-column elementor-element elementor-element-d39fe26\" data-id=\"d39fe26\" data-element_type=\"column\">\n\t\t\t<div class=\"elementor-widget-wrap elementor-element-populated\">\n\t\t\t\t\t\t<div class=\"elementor-element elementor-element-913ac4e elementor-widget__width-auto elementor-widget elementor-widget-heading\" data-id=\"913ac4e\" data-element_type=\"widget\" data-widget_type=\"heading.default\">\n\t\t\t\t<div class=\"elementor-widget-container\">\n\t\t\t<style>\/*! elementor - v3.21.0 - 26-05-2024 *\/\n.elementor-heading-title{padding:0;margin:0;line-height:1}.elementor-widget-heading .elementor-heading-title[class*=elementor-size-]>a{color:inherit;font-size:inherit;line-height:inherit}.elementor-widget-heading .elementor-heading-title.elementor-size-small{font-size:15px}.elementor-widget-heading .elementor-heading-title.elementor-size-medium{font-size:19px}.elementor-widget-heading .elementor-heading-title.elementor-size-large{font-size:29px}.elementor-widget-heading .elementor-heading-title.elementor-size-xl{font-size:39px}.elementor-widget-heading .elementor-heading-title.elementor-size-xxl{font-size:59px}<\/style><h4 class=\"elementor-heading-title elementor-size-default\">Privacy Policy<\/h4>\t\t<\/div>\n\t\t\t\t<\/div>\n\t\t\t\t\t<\/div>\n\t\t<\/div>\n\t\t\t\t<div class=\"elementor-column elementor-col-33 elementor-inner-column elementor-element elementor-element-4ebb5c1\" data-id=\"4ebb5c1\" data-element_type=\"column\">\n\t\t\t<div class=\"elementor-widget-wrap elementor-element-populated\">\n\t\t\t\t\t\t<div class=\"elementor-element elementor-element-1f3edb8 elementor-widget-divider--view-line elementor-widget elementor-widget-divider\" data-id=\"1f3edb8\" data-element_type=\"widget\" data-widget_type=\"divider.default\">\n\t\t\t\t<div class=\"elementor-widget-container\">\n\t\t\t<style>\/*! elementor - v3.21.0 - 26-05-2024 *\/\n.elementor-widget-divider{--divider-border-style:none;--divider-border-width:1px;--divider-color:#0c0d0e;--divider-icon-size:20px;--divider-element-spacing:10px;--divider-pattern-height:24px;--divider-pattern-size:20px;--divider-pattern-url:none;--divider-pattern-repeat:repeat-x}.elementor-widget-divider .elementor-divider{display:flex}.elementor-widget-divider .elementor-divider__text{font-size:15px;line-height:1;max-width:95%}.elementor-widget-divider .elementor-divider__element{margin:0 var(--divider-element-spacing);flex-shrink:0}.elementor-widget-divider .elementor-icon{font-size:var(--divider-icon-size)}.elementor-widget-divider .elementor-divider-separator{display:flex;margin:0;direction:ltr}.elementor-widget-divider--view-line_icon .elementor-divider-separator,.elementor-widget-divider--view-line_text .elementor-divider-separator{align-items:center}.elementor-widget-divider--view-line_icon .elementor-divider-separator:after,.elementor-widget-divider--view-line_icon .elementor-divider-separator:before,.elementor-widget-divider--view-line_text .elementor-divider-separator:after,.elementor-widget-divider--view-line_text .elementor-divider-separator:before{display:block;content:\"\";border-block-end:0;flex-grow:1;border-block-start:var(--divider-border-width) var(--divider-border-style) var(--divider-color)}.elementor-widget-divider--element-align-left .elementor-divider .elementor-divider-separator>.elementor-divider__svg:first-of-type{flex-grow:0;flex-shrink:100}.elementor-widget-divider--element-align-left .elementor-divider-separator:before{content:none}.elementor-widget-divider--element-align-left .elementor-divider__element{margin-left:0}.elementor-widget-divider--element-align-right .elementor-divider .elementor-divider-separator>.elementor-divider__svg:last-of-type{flex-grow:0;flex-shrink:100}.elementor-widget-divider--element-align-right .elementor-divider-separator:after{content:none}.elementor-widget-divider--element-align-right .elementor-divider__element{margin-right:0}.elementor-widget-divider--element-align-start .elementor-divider .elementor-divider-separator>.elementor-divider__svg:first-of-type{flex-grow:0;flex-shrink:100}.elementor-widget-divider--element-align-start .elementor-divider-separator:before{content:none}.elementor-widget-divider--element-align-start .elementor-divider__element{margin-inline-start:0}.elementor-widget-divider--element-align-end .elementor-divider .elementor-divider-separator>.elementor-divider__svg:last-of-type{flex-grow:0;flex-shrink:100}.elementor-widget-divider--element-align-end .elementor-divider-separator:after{content:none}.elementor-widget-divider--element-align-end .elementor-divider__element{margin-inline-end:0}.elementor-widget-divider:not(.elementor-widget-divider--view-line_text):not(.elementor-widget-divider--view-line_icon) .elementor-divider-separator{border-block-start:var(--divider-border-width) var(--divider-border-style) var(--divider-color)}.elementor-widget-divider--separator-type-pattern{--divider-border-style:none}.elementor-widget-divider--separator-type-pattern.elementor-widget-divider--view-line .elementor-divider-separator,.elementor-widget-divider--separator-type-pattern:not(.elementor-widget-divider--view-line) .elementor-divider-separator:after,.elementor-widget-divider--separator-type-pattern:not(.elementor-widget-divider--view-line) .elementor-divider-separator:before,.elementor-widget-divider--separator-type-pattern:not([class*=elementor-widget-divider--view]) .elementor-divider-separator{width:100%;min-height:var(--divider-pattern-height);-webkit-mask-size:var(--divider-pattern-size) 100%;mask-size:var(--divider-pattern-size) 100%;-webkit-mask-repeat:var(--divider-pattern-repeat);mask-repeat:var(--divider-pattern-repeat);background-color:var(--divider-color);-webkit-mask-image:var(--divider-pattern-url);mask-image:var(--divider-pattern-url)}.elementor-widget-divider--no-spacing{--divider-pattern-size:auto}.elementor-widget-divider--bg-round{--divider-pattern-repeat:round}.rtl .elementor-widget-divider .elementor-divider__text{direction:rtl}.e-con-inner>.elementor-widget-divider,.e-con>.elementor-widget-divider{width:var(--container-widget-width,100%);--flex-grow:var(--container-widget-flex-grow)}<\/style>\t\t<div class=\"elementor-divider\">\n\t\t\t<span class=\"elementor-divider-separator\">\n\t\t\t\t\t\t<\/span>\n\t\t<\/div>\n\t\t\t\t<\/div>\n\t\t\t\t<\/div>\n\t\t\t\t\t<\/div>\n\t\t<\/div>\n\t\t\t\t<div class=\"elementor-column elementor-col-33 elementor-inner-column elementor-element elementor-element-6d2d947 elementor-hidden-mobile\" data-id=\"6d2d947\" data-element_type=\"column\">\n\t\t\t<div class=\"elementor-widget-wrap elementor-element-populated\">\n\t\t\t\t\t\t<div class=\"elementor-element elementor-element-db04295 elementor-widget__width-inherit elementor-widget-divider--view-line elementor-widget elementor-widget-divider\" data-id=\"db04295\" data-element_type=\"widget\" data-widget_type=\"divider.default\">\n\t\t\t\t<div class=\"elementor-widget-container\">\n\t\t\t\t\t<div class=\"elementor-divider\">\n\t\t\t<span class=\"elementor-divider-separator\">\n\t\t\t\t\t\t<\/span>\n\t\t<\/div>\n\t\t\t\t<\/div>\n\t\t\t\t<\/div>\n\t\t\t\t\t<\/div>\n\t\t<\/div>\n\t\t\t\t\t<\/div>\n\t\t<\/section>\n\t\t\t\t<div class=\"elementor-element elementor-element-40c885e elementor-align-left elementor-widget elementor-widget-breadcrumbs\" data-id=\"40c885e\" data-element_type=\"widget\" data-widget_type=\"breadcrumbs.default\">\n\t\t\t\t<div class=\"elementor-widget-container\">\n\t\t\t<link rel=\"stylesheet\" href=\"https:\/\/fidelcortes.com\/wp-content\/plugins\/elementor-pro\/assets\/css\/widget-theme-elements.min.css\"><p id=\"breadcrumbs\"><span><span><a href=\"https:\/\/fidelcortes.com\/en\/home\/\">Home<\/a><\/span><\/span><\/p>\t\t<\/div>\n\t\t\t\t<\/div>\n\t\t\t\t\t<\/div>\n\t\t<\/div>\n\t\t\t\t\t<\/div>\n\t\t<\/section>\n\t\t\t\t<section class=\"elementor-section elementor-top-section elementor-element elementor-element-f287366 elementor-section-boxed elementor-section-height-default elementor-section-height-default\" data-id=\"f287366\" data-element_type=\"section\">\n\t\t\t\t\t\t<div class=\"elementor-container elementor-column-gap-default\">\n\t\t\t\t\t<div class=\"elementor-column elementor-col-100 elementor-top-column elementor-element elementor-element-3d4e33d\" data-id=\"3d4e33d\" data-element_type=\"column\">\n\t\t\t<div class=\"elementor-widget-wrap elementor-element-populated\">\n\t\t\t\t\t\t<div class=\"elementor-element elementor-element-5a81e97 elementor-widget elementor-widget-text-editor\" data-id=\"5a81e97\" data-element_type=\"widget\" data-widget_type=\"text-editor.default\">\n\t\t\t\t<div class=\"elementor-widget-container\">\n\t\t\t<style>\/*! elementor - v3.21.0 - 26-05-2024 *\/\n.elementor-widget-text-editor.elementor-drop-cap-view-stacked .elementor-drop-cap{background-color:#69727d;color:#fff}.elementor-widget-text-editor.elementor-drop-cap-view-framed .elementor-drop-cap{color:#69727d;border:3px solid;background-color:transparent}.elementor-widget-text-editor:not(.elementor-drop-cap-view-default) .elementor-drop-cap{margin-top:8px}.elementor-widget-text-editor:not(.elementor-drop-cap-view-default) .elementor-drop-cap-letter{width:1em;height:1em}.elementor-widget-text-editor .elementor-drop-cap{float:left;text-align:center;line-height:1;font-size:50px}.elementor-widget-text-editor .elementor-drop-cap-letter{display:inline-block}<\/style>\t\t\t\t<h3>1. USER INFORMATION<\/h3><p>Talleres Fidel Cort\u00e9s S.L., hereinafter CONTROLLER, is the Data Controller of the User&#8217;s personal data and informs you that these data will be processed in accordance with the provisions of the regulations in force on the protection of personal data, Regulation (EU) 2016\/679 of 27 April 2016 (GDPR) on the protection of natural persons with regard to the processing of personal data and on the free movement of this data, and Organic Law 3\/2018 of 5 December (LOPDGDD), for which the following information on the processing is provided:<\/p><p><strong>Purpose of processing:<\/strong> to maintain a commercial relationship with the User. The operations planned to carry out the processing are: <\/p><ul><li>Sending commercial advertising communications, provided that prior authorisation has been given, by email, fax, SMS, MMS, social communities or any other electronic or physical means, present or future, that makes it possible to carry out commercial communications. These communications will be made by the RESPONSIBLE and related to its products and services, or its collaborators or suppliers with whom it has reached a promotional agreement. In this case, third parties will never have access to the personal data.  <\/li><li>Carry out statistical studies.<\/li><li>To process orders, requests or any type of request made by the user through any of the contact forms made available to them.<\/li><li>Send the website newsletter.<\/li><\/ul><p><strong>Legal basis for processing: <\/strong>consent of the data subject.<\/p><p><strong>Data retention criteria: <\/strong>data will be kept for as long as there is a mutual interest to maintain the purpose of the processing and when it is no longer necessary for this purpose, they will be deleted with appropriate security measures to guarantee the pseudonymization of the data or the total destruction of the data.<\/p><p><strong>Communication of data: <\/strong>Data will not be communicated to third parties, unless legally required.<\/p><p><strong>Rights that assist the User:<\/strong><\/p><ul><li>Right to withdraw consent at any time.<\/li><li>The right of access, rectification, portability and deletion of your data and the limitation or opposition to its processing.<\/li><li>The right to lodge a complaint with the supervisory authority (agpd.es) if you consider that the processing does not comply with current regulations.<\/li><\/ul><p><strong>Contact details to exercise your rights:<\/strong><\/p><p>Talleres Fidel Cort\u00e9s S.L.<br>Postal address: Avenida La Almunia, 6 \u2013 B, Monz\u00f3n, 22400, Huesca<br>Email: fidelcortessl@grupocasmar.es<\/p><h3>2. MANDATORY OR OPTIONAL NATURE OF THE INFORMATION PROVIDED BY THE USER<\/h3><p>Users, by ticking the corresponding boxes and entering data in the fields, marked with an asterisk<strong> (*) <\/strong>in the contact form or presented in download forms, expressly, freely and unequivocally accept that their data are necessary to respond to their request, on the part of the provider, the inclusion of data in the remaining fields being voluntary. The User guarantees that the personal data provided to the RESPONSIBLE PARTY is true and is responsible for communicating any modification of the same. <\/p><p>The RESPONSIBLE party expressly informs and guarantees users that their personal data will not be transferred under any circumstances to third parties, and that whenever any type of transfer of personal data is made, the express, informed and unequivocal consent of the Users will be previously requested. All data requested through the website are mandatory, as they are necessary for the provision of an optimal service to the User. In the event that not all the data is provided, it is not guaranteed that the information and services provided will be completely adjusted to your needs.  <\/p><h3>3. SECURITY MEASURES<\/h3><p>Que de conformidad con lo dispuesto en las normativas vigentes en protecci\u00f3n de datos personales, el RESPONSABLE est\u00e1 cumpliendo con todas las disposiciones de las normativas GDPR para el tratamiento de los datos personales de su responsabilidad, y manifiestamente con los principios descritos en el art\u00edculo 5 del GDPR, por los cuales son tratados de manera l\u00edcita, leal y transparente en relaci\u00f3n con el interesado y adecuados, pertinentes y limitados a lo necesario en relaci\u00f3n con los fines para los que son tratados.<\/p><p>The CONTROLLER guarantees that it has implemented appropriate technical and organizational policies to apply the security measures established by the GDPR in order to protect the rights and freedoms of Users and has communicated to them the appropriate information so that they can exercise them.<\/p>\t\t\t\t\t\t<\/div>\n\t\t\t\t<\/div>\n\t\t\t\t\t<\/div>\n\t\t<\/div>\n\t\t\t\t\t<\/div>\n\t\t<\/section>\n\t\t\t\t<\/div>\n\t\t","protected":false},"excerpt":{"rendered":"<p>1. USER INFORMATION Talleres Fidel Cort\u00e9s S.L., hereinafter CONTROLLER, is the Data Controller of the User&#8217;s personal data and informs you that these data will be processed in accordance with the provisions of the regulations in force on the protection of personal data, Regulation (EU) 2016\/679 of 27 April 2016 (GDPR) on the protection of [&hellip;]<\/p>\n","protected":false},"author":1,"featured_media":0,"parent":0,"menu_order":0,"comment_status":"closed","ping_status":"closed","template":"","meta":{"_acf_changed":false,"site-sidebar-layout":"default","site-content-layout":"page-builder","ast-site-content-layout":"default","site-content-style":"default","site-sidebar-style":"default","ast-global-header-display":"","ast-banner-title-visibility":"","ast-main-header-display":"","ast-hfb-above-header-display":"","ast-hfb-below-header-display":"","ast-hfb-mobile-header-display":"","site-post-title":"","ast-breadcrumbs-content":"","ast-featured-img":"","footer-sml-layout":"","theme-transparent-header-meta":"default","adv-header-id-meta":"","stick-header-meta":"","header-above-stick-meta":"","header-main-stick-meta":"","header-below-stick-meta":"","astra-migrate-meta-layouts":"default","ast-page-background-enabled":"default","ast-page-background-meta":{"desktop":{"background-color":"var(--ast-global-color-4)","background-image":"","background-repeat":"repeat","background-position":"center center","background-size":"auto","background-attachment":"scroll","background-type":"","background-media":"","overlay-type":"","overlay-color":"","overlay-opacity":"","overlay-gradient":""},"tablet":{"background-color":"","background-image":"","background-repeat":"repeat","background-position":"center center","background-size":"auto","background-attachment":"scroll","background-type":"","background-media":"","overlay-type":"","overlay-color":"","overlay-opacity":"","overlay-gradient":""},"mobile":{"background-color":"","background-image":"","background-repeat":"repeat","background-position":"center center","background-size":"auto","background-attachment":"scroll","background-type":"","background-media":"","overlay-type":"","overlay-color":"","overlay-opacity":"","overlay-gradient":""}},"ast-content-background-meta":{"desktop":{"background-color":"var(--ast-global-color-5)","background-image":"","background-repeat":"repeat","background-position":"center center","background-size":"auto","background-attachment":"scroll","background-type":"","background-media":"","overlay-type":"","overlay-color":"","overlay-opacity":"","overlay-gradient":""},"tablet":{"background-color":"var(--ast-global-color-5)","background-image":"","background-repeat":"repeat","background-position":"center center","background-size":"auto","background-attachment":"scroll","background-type":"","background-media":"","overlay-type":"","overlay-color":"","overlay-opacity":"","overlay-gradient":""},"mobile":{"background-color":"var(--ast-global-color-5)","background-image":"","background-repeat":"repeat","background-position":"center center","background-size":"auto","background-attachment":"scroll","background-type":"","background-media":"","overlay-type":"","overlay-color":"","overlay-opacity":"","overlay-gradient":""}},"footnotes":""},"acf":[],"yoast_head":"<!-- This site is optimized with the Yoast SEO plugin v22.8 - https:\/\/yoast.com\/wordpress\/plugins\/seo\/ -->\n<title>Privacy Policy - Fidel Cort\u00e9s<\/title>\n<meta name=\"robots\" content=\"noindex, follow\" \/>\n<meta property=\"og:locale\" content=\"en_US\" \/>\n<meta property=\"og:type\" content=\"article\" \/>\n<meta property=\"og:title\" content=\"Privacy Policy - Fidel Cort\u00e9s\" \/>\n<meta property=\"og:description\" content=\"1. USER INFORMATION Talleres Fidel Cort\u00e9s S.L., hereinafter CONTROLLER, is the Data Controller of the User&#8217;s personal data and informs you that these data will be processed in accordance with the provisions of the regulations in force on the protection of personal data, Regulation (EU) 2016\/679 of 27 April 2016 (GDPR) on the protection of [&hellip;]\" \/>\n<meta property=\"og:url\" content=\"https:\/\/fidelcortes.com\/en\/privacy-policy\/\" \/>\n<meta property=\"og:site_name\" content=\"Fidel Cort\u00e9s\" \/>\n<meta property=\"article:modified_time\" content=\"2025-12-17T14:31:07+00:00\" \/>\n<meta name=\"twitter:card\" content=\"summary_large_image\" \/>\n<meta name=\"twitter:label1\" content=\"Est. reading time\" \/>\n\t<meta name=\"twitter:data1\" content=\"3 minutes\" \/>\n<script type=\"application\/ld+json\" class=\"yoast-schema-graph\">{\"@context\":\"https:\/\/schema.org\",\"@graph\":[{\"@type\":\"WebPage\",\"@id\":\"https:\/\/fidelcortes.com\/en\/privacy-policy\/\",\"url\":\"https:\/\/fidelcortes.com\/en\/privacy-policy\/\",\"name\":\"Privacy Policy - Fidel Cort\u00e9s\",\"isPartOf\":{\"@id\":\"https:\/\/fidelcortes.com\/en\/#website\"},\"datePublished\":\"2022-12-14T10:35:55+00:00\",\"dateModified\":\"2025-12-17T14:31:07+00:00\",\"breadcrumb\":{\"@id\":\"https:\/\/fidelcortes.com\/en\/privacy-policy\/#breadcrumb\"},\"inLanguage\":\"en-US\",\"potentialAction\":[{\"@type\":\"ReadAction\",\"target\":[\"https:\/\/fidelcortes.com\/en\/privacy-policy\/\"]}]},{\"@type\":\"BreadcrumbList\",\"@id\":\"https:\/\/fidelcortes.com\/en\/privacy-policy\/#breadcrumb\",\"itemListElement\":[{\"@type\":\"ListItem\",\"position\":1,\"name\":\"Home\",\"item\":\"https:\/\/fidelcortes.com\/en\/home\/\"},{\"@type\":\"ListItem\",\"position\":2,\"name\":\"Privacy Policy\"}]},{\"@type\":\"WebSite\",\"@id\":\"https:\/\/fidelcortes.com\/en\/#website\",\"url\":\"https:\/\/fidelcortes.com\/en\/\",\"name\":\"Fidel Cort\u00e9s\",\"description\":\"Talleres\",\"potentialAction\":[{\"@type\":\"SearchAction\",\"target\":{\"@type\":\"EntryPoint\",\"urlTemplate\":\"https:\/\/fidelcortes.com\/en\/?s={search_term_string}\"},\"query-input\":\"required name=search_term_string\"}],\"inLanguage\":\"en-US\"}]}<\/script>\n<!-- \/ Yoast SEO plugin. -->","yoast_head_json":{"title":"Privacy Policy - Fidel Cort\u00e9s","robots":{"index":"noindex","follow":"follow"},"og_locale":"en_US","og_type":"article","og_title":"Privacy Policy - Fidel Cort\u00e9s","og_description":"1. USER INFORMATION Talleres Fidel Cort\u00e9s S.L., hereinafter CONTROLLER, is the Data Controller of the User&#8217;s personal data and informs you that these data will be processed in accordance with the provisions of the regulations in force on the protection of personal data, Regulation (EU) 2016\/679 of 27 April 2016 (GDPR) on the protection of [&hellip;]","og_url":"https:\/\/fidelcortes.com\/en\/privacy-policy\/","og_site_name":"Fidel Cort\u00e9s","article_modified_time":"2025-12-17T14:31:07+00:00","twitter_card":"summary_large_image","twitter_misc":{"Est. reading time":"3 minutes"},"schema":{"@context":"https:\/\/schema.org","@graph":[{"@type":"WebPage","@id":"https:\/\/fidelcortes.com\/en\/privacy-policy\/","url":"https:\/\/fidelcortes.com\/en\/privacy-policy\/","name":"Privacy Policy - Fidel Cort\u00e9s","isPartOf":{"@id":"https:\/\/fidelcortes.com\/en\/#website"},"datePublished":"2022-12-14T10:35:55+00:00","dateModified":"2025-12-17T14:31:07+00:00","breadcrumb":{"@id":"https:\/\/fidelcortes.com\/en\/privacy-policy\/#breadcrumb"},"inLanguage":"en-US","potentialAction":[{"@type":"ReadAction","target":["https:\/\/fidelcortes.com\/en\/privacy-policy\/"]}]},{"@type":"BreadcrumbList","@id":"https:\/\/fidelcortes.com\/en\/privacy-policy\/#breadcrumb","itemListElement":[{"@type":"ListItem","position":1,"name":"Home","item":"https:\/\/fidelcortes.com\/en\/home\/"},{"@type":"ListItem","position":2,"name":"Privacy Policy"}]},{"@type":"WebSite","@id":"https:\/\/fidelcortes.com\/en\/#website","url":"https:\/\/fidelcortes.com\/en\/","name":"Fidel Cort\u00e9s","description":"Talleres","potentialAction":[{"@type":"SearchAction","target":{"@type":"EntryPoint","urlTemplate":"https:\/\/fidelcortes.com\/en\/?s={search_term_string}"},"query-input":"required name=search_term_string"}],"inLanguage":"en-US"}]}},"_links":{"self":[{"href":"https:\/\/fidelcortes.com\/en\/wp-json\/wp\/v2\/pages\/918"}],"collection":[{"href":"https:\/\/fidelcortes.com\/en\/wp-json\/wp\/v2\/pages"}],"about":[{"href":"https:\/\/fidelcortes.com\/en\/wp-json\/wp\/v2\/types\/page"}],"author":[{"embeddable":true,"href":"https:\/\/fidelcortes.com\/en\/wp-json\/wp\/v2\/users\/1"}],"replies":[{"embeddable":true,"href":"https:\/\/fidelcortes.com\/en\/wp-json\/wp\/v2\/comments?post=918"}],"version-history":[{"count":3,"href":"https:\/\/fidelcortes.com\/en\/wp-json\/wp\/v2\/pages\/918\/revisions"}],"predecessor-version":[{"id":921,"href":"https:\/\/fidelcortes.com\/en\/wp-json\/wp\/v2\/pages\/918\/revisions\/921"}],"wp:attachment":[{"href":"https:\/\/fidelcortes.com\/en\/wp-json\/wp\/v2\/media?parent=918"}],"curies":[{"name":"wp","href":"https:\/\/api.w.org\/{rel}","templated":true}]}}